{"id":188,"date":"2026-01-27T07:01:46","date_gmt":"2026-01-27T07:01:46","guid":{"rendered":"https:\/\/daaf.hr\/about-us\/"},"modified":"2026-02-22T08:43:38","modified_gmt":"2026-02-22T08:43:38","slug":"about-us","status":"publish","type":"page","link":"https:\/\/daaf.hr\/en\/about-us\/","title":{"rendered":"About Us"},"content":{"rendered":"\n\n\t\t\t<p>O PRO\u0160LOSTI<\/p>\t\n\t<h2>\n\t\t\t\tISKUSTVO JE BITNO\n\t\t\t<\/h2>\n\t<p>Po\u010deci proizvodnje se\u017eu do 1970-ih godina, kada je pilana zapo\u010dela s radom kao stolarska radiona. Ve\u0107 od samih po\u010detaka naglasak je stavljen na kvalitetu izrade i pouzdanost.<\/p>\n<p>Tijekom godina obujam poslovanja je rastao te je poduze\u0107e kontinuirano ulagalo u opremanje proizvodnje kako bi se odr\u017ealo i opstalo na tr\u017ei\u0161tu. Tako je 1990-ih godina stolarska radiona prerasla u dru\u0161tvo s ograni\u010denom odgovorno\u0161\u0107u DAAF d.o.o.<\/p>\n\t<p>Uslijedila su daljnja ulaganja u razvoj i pro\u0161irenje poslovanja, \u0161to je rezultiralo naprednijim proizvodnim sustavom, ve\u0107im kapacitetima, i ono najva\u017enije &#8211; zadovoljnim klijentima.<\/p>\n<p>Danas, nakon gotovo 40 godina poslovanja, poduze\u0107e raspola\u017ee bogatim iskustvom u drvnom sektoru te nastavlja ulagati u razvoj poslovanja kako bi unaprijedilo proizvodne procese i ostvarilo uspje\u0161ne poslovne rezultate u budu\u0107em razdoblju.<\/p>\n\t\t\t<h2>MISIJA<\/h2>\t\t\t\n\t\t\t\t<p>Ponuditi kvalitetan drveni poluproizvod odnosno gotov proizvod na na\u010din da se u potpunosti zadovolje zahtjevi klijenata a da pritom zastupamo odgovorno upravljanje resursima uz kori\u0161tenje novih tehnologija u drvoprera\u0111iva\u010dkoj industriji.<\/p>\n<p>Vjerujemo u odgovornost, predanost i kvalitetu te nastojimo ostvariti kvalitetne suradnje za daljnji napredak.<\/p>\n\t\t\t<p>O BUDU\u0106NOSTI<\/p>\t\n\t<h2>\n\t\t\t\tNA\u0160I PLANOVI\n\t\t\t<\/h2>\n\t<p>Poslovni ciljevi na\u0161eg poduze\u0107a su kontinuirani rast kapaciteta, produktivnosti i kvalitete gotovog proizvoda.<\/p>\n<p>Trenutno poduze\u0107e posluje primarno na doma\u0107em tr\u017ei\u0161tu iako je za skorije razdoblje planirano sna\u017enije \u0161irenje na postoje\u0107a inozemna tr\u017ei\u0161ta Austrije i Italije, ali i na novo tr\u017ei\u0161te Slovenije.<\/p>\n\t<p>Glavni kupci su trgovci gra\u0111evinskom robom te proizvo\u0111a\u010di proizvoda od drva. Unato\u010d tome na\u0161e je poduze\u0107e uvijek spremno stru\u010dno savjetovati i dogovoriti se sa svakim postoje\u0107im ili potencijalnim klijentom u skladu sa njegovim \u017eeljama i ulo\u017eiti maksimalnie napore kako bi postigli suradnju.<\/p>\n\t\t\t<h2>VIZIJA<\/h2>\t\t\t\n\t\t\t\t<p>Koriste\u0107i ekoloki prihvatljivu tehnologiju, strpljenje i znanje ste\u010deno iskustvom te u suradnji s partnerima i klijentima postati najkvalitetnije i najbolje poduze\u0107e u preradi drva.<\/p>\n\n","protected":false},"excerpt":{"rendered":"<p>O PRO\u0160LOSTI ISKUSTVO JE BITNO Po\u010deci proizvodnje se\u017eu do 1970-ih godina, kada je pilana zapo\u010dela s radom kao stolarska radiona. Ve\u0107 od samih po\u010detaka naglasak je stavljen na kvalitetu izrade i pouzdanost. Tijekom godina obujam poslovanja je rastao te je poduze\u0107e kontinuirano ulagalo u opremanje proizvodnje kako bi se odr\u017ealo i opstalo na tr\u017ei\u0161tu. Tako&hellip;<\/p>\n","protected":false},"author":1,"featured_media":0,"parent":0,"menu_order":0,"comment_status":"closed","ping_status":"closed","template":"","meta":{"footnotes":""},"class_list":["post-188","page","type-page","status-publish","hentry"],"_links":{"self":[{"href":"https:\/\/daaf.hr\/en\/wp-json\/wp\/v2\/pages\/188","targetHints":{"allow":["GET"]}}],"collection":[{"href":"https:\/\/daaf.hr\/en\/wp-json\/wp\/v2\/pages"}],"about":[{"href":"https:\/\/daaf.hr\/en\/wp-json\/wp\/v2\/types\/page"}],"author":[{"embeddable":true,"href":"https:\/\/daaf.hr\/en\/wp-json\/wp\/v2\/users\/1"}],"replies":[{"embeddable":true,"href":"https:\/\/daaf.hr\/en\/wp-json\/wp\/v2\/comments?post=188"}],"version-history":[{"count":1,"href":"https:\/\/daaf.hr\/en\/wp-json\/wp\/v2\/pages\/188\/revisions"}],"predecessor-version":[{"id":192,"href":"https:\/\/daaf.hr\/en\/wp-json\/wp\/v2\/pages\/188\/revisions\/192"}],"wp:attachment":[{"href":"https:\/\/daaf.hr\/en\/wp-json\/wp\/v2\/media?parent=188"}],"curies":[{"name":"wp","href":"https:\/\/api.w.org\/{rel}","templated":true}]}}